{"id":944,"date":"2024-03-20T11:31:57","date_gmt":"2024-03-20T10:31:57","guid":{"rendered":"https:\/\/aestc.org\/?page_id=944"},"modified":"2025-05-15T11:59:35","modified_gmt":"2025-05-15T09:59:35","slug":"processus-dadhesion","status":"publish","type":"page","link":"https:\/\/aestc.org\/index.php\/processus-dadhesion\/","title":{"rendered":"Processus d&#8217;adh\u00e9sion"},"content":{"rendered":"\t\t<div data-elementor-type=\"wp-page\" data-elementor-id=\"944\" class=\"elementor elementor-944\" data-elementor-post-type=\"page\">\n\t\t\t\t\t\t<section class=\"elementor-section elementor-top-section elementor-element elementor-element-91ea972 elementor-section-content-middle elementor-section-boxed elementor-section-height-default elementor-section-height-default\" data-id=\"91ea972\" data-element_type=\"section\" data-e-type=\"section\">\n\t\t\t\t\t\t<div class=\"elementor-container elementor-column-gap-default\">\n\t\t\t\t\t<div class=\"elementor-column elementor-col-100 elementor-top-column elementor-element elementor-element-39856d8\" data-id=\"39856d8\" data-element_type=\"column\" data-e-type=\"column\">\n\t\t\t<div class=\"elementor-widget-wrap elementor-element-populated\">\n\t\t\t\t\t\t<div class=\"elementor-element elementor-element-ff55706 elementor-widget elementor-widget-heading\" data-id=\"ff55706\" data-element_type=\"widget\" data-e-type=\"widget\" data-widget_type=\"heading.default\">\n\t\t\t\t<div class=\"elementor-widget-container\">\n\t\t\t\t\t<h2 class=\"elementor-heading-title elementor-size-default\">Adh\u00e9rer \u00e0 l'association<\/h2>\t\t\t\t<\/div>\n\t\t\t\t<\/div>\n\t\t\t\t\t<\/div>\n\t\t<\/div>\n\t\t\t\t\t<\/div>\n\t\t<\/section>\n\t\t\t\t<section class=\"elementor-section elementor-top-section elementor-element elementor-element-232fdd3 elementor-section-boxed elementor-section-height-default elementor-section-height-default\" data-id=\"232fdd3\" data-element_type=\"section\" data-e-type=\"section\">\n\t\t\t\t\t\t<div class=\"elementor-container elementor-column-gap-default\">\n\t\t\t\t\t<div class=\"elementor-column elementor-col-100 elementor-top-column elementor-element elementor-element-3d6834e\" data-id=\"3d6834e\" data-element_type=\"column\" data-e-type=\"column\">\n\t\t\t<div class=\"elementor-widget-wrap elementor-element-populated\">\n\t\t\t\t\t\t<div class=\"elementor-element elementor-element-95cf757 elementor-widget elementor-widget-text-editor\" data-id=\"95cf757\" data-element_type=\"widget\" data-e-type=\"widget\" data-widget_type=\"text-editor.default\">\n\t\t\t\t<div class=\"elementor-widget-container\">\n\t\t\t\t\t\t\t\t\t<p>Pour adh\u00e9rer \u00e0 l&#8217;association il est demand\u00e9 aux futurs membres de\u00a0<span style=\"text-indent: 0em; text-align: inherit;\">prendre contact avec le bureau de l&#8217;association par mail : contact@aestc.org et de remplir l&#8217;ensemble des conditions suivantes ;\u00a0<\/span><\/p><p>&#8211; fournir un Dipl\u00f4me\/Certification d&#8217;accompagnement en sexoth\u00e9rapie et th\u00e9rapie de couple de 100 heures minimum (obligatoire) ;\u00a0<\/p><p>&#8211; fournir un Dipl\u00f4me\/Certfication d&#8217;accompagment th\u00e9rapeutique de 100 heures minimum (obligatoire) ;<\/p><p>&#8211; Justifier d&#8217;un contrat de Responsabilit\u00e9 Civile Professionnelle ;\u00a0<\/p><p>&#8211; Justifier d&#8217;un contrat de\u00a0service de m\u00e9diation de la consommation ;\u00a0<\/p><p>&#8211; adh\u00e9rer \u00e0 la <a href=\"https:\/\/aestc.org\/index.php\/2022\/11\/19\/charte-de-deontologie-de-sexotherapie-et-de-therapie-de-couple-proposee-par-lassociation-aestc\/\" target=\"_blank\" rel=\"noopener\">charte de d\u00e9ontologie de l&#8217;association<\/a>.<\/p>\t\t\t\t\t\t\t\t<\/div>\n\t\t\t\t<\/div>\n\t\t\t\t\t<\/div>\n\t\t<\/div>\n\t\t\t\t\t<\/div>\n\t\t<\/section>\n\t\t\t\t<section class=\"elementor-section elementor-top-section elementor-element elementor-element-de2126c elementor-section-boxed elementor-section-height-default elementor-section-height-default\" data-id=\"de2126c\" data-element_type=\"section\" data-e-type=\"section\">\n\t\t\t\t\t\t<div class=\"elementor-container elementor-column-gap-default\">\n\t\t\t\t\t<div class=\"elementor-column elementor-col-100 elementor-top-column elementor-element elementor-element-8a92bc5\" data-id=\"8a92bc5\" data-element_type=\"column\" data-e-type=\"column\">\n\t\t\t<div class=\"elementor-widget-wrap elementor-element-populated\">\n\t\t\t\t\t\t<div class=\"elementor-element elementor-element-4fba9c3 elementor-align-center elementor-widget elementor-widget-button\" data-id=\"4fba9c3\" data-element_type=\"widget\" data-e-type=\"widget\" data-widget_type=\"button.default\">\n\t\t\t\t<div class=\"elementor-widget-container\">\n\t\t\t\t\t\t\t\t\t<div class=\"elementor-button-wrapper\">\n\t\t\t\t\t<a class=\"elementor-button elementor-button-link elementor-size-sm\" href=\"mailto:contact@aestc.org\">\n\t\t\t\t\t\t<span class=\"elementor-button-content-wrapper\">\n\t\t\t\t\t\t<span class=\"elementor-button-icon\">\n\t\t\t\t<i aria-hidden=\"true\" class=\"far fa-envelope\"><\/i>\t\t\t<\/span>\n\t\t\t\t\t\t\t\t\t<span class=\"elementor-button-text\">\u00c9crire \u00e0 l'association<\/span>\n\t\t\t\t\t<\/span>\n\t\t\t\t\t<\/a>\n\t\t\t\t<\/div>\n\t\t\t\t\t\t\t\t<\/div>\n\t\t\t\t<\/div>\n\t\t\t\t\t<\/div>\n\t\t<\/div>\n\t\t\t\t\t<\/div>\n\t\t<\/section>\n\t\t\t\t<\/div>\n\t\t","protected":false},"excerpt":{"rendered":"<p>Adh\u00e9rer \u00e0 l&#8217;association Pour adh\u00e9rer \u00e0 l&#8217;association il est demand\u00e9 aux futurs membres de\u00a0prendre contact avec le bureau de l&#8217;association par mail : contact@aestc.org et &hellip;<\/p>\n","protected":false},"author":1,"featured_media":0,"parent":0,"menu_order":0,"comment_status":"closed","ping_status":"closed","template":"","meta":{"_cbd_carousel_blocks":"[]","_price":"","_stock":"","_tribe_ticket_header":"","_tribe_default_ticket_provider":"","_tribe_ticket_capacity":"0","_ticket_start_date":"","_ticket_end_date":"","_tribe_ticket_show_description":"","_tribe_ticket_show_not_going":false,"_tribe_ticket_use_global_stock":"","_tribe_ticket_global_stock_level":"","_global_stock_mode":"","_global_stock_cap":"","_tribe_rsvp_for_event":"","_tribe_ticket_going_count":"","_tribe_ticket_not_going_count":"","_tribe_tickets_list":"[]","_tribe_ticket_has_attendee_info_fields":false,"footnotes":"","_tec_slr_enabled":"","_tec_slr_layout":""},"class_list":["post-944","page","type-page","status-publish","hentry"],"yoast_head":"<!-- This site is optimized with the Yoast SEO plugin v27.5 - https:\/\/yoast.com\/product\/yoast-seo-wordpress\/ -->\n<title>Processus d&#039;adh\u00e9sion - Association Europ\u00e9enne de Sexoth\u00e9rapie et de Th\u00e9rapie de couple<\/title>\n<meta name=\"robots\" content=\"index, follow, max-snippet:-1, max-image-preview:large, max-video-preview:-1\" \/>\n<link rel=\"canonical\" href=\"https:\/\/aestc.org\/index.php\/processus-dadhesion\/\" \/>\n<meta property=\"og:locale\" content=\"fr_FR\" \/>\n<meta property=\"og:type\" content=\"article\" \/>\n<meta property=\"og:title\" content=\"Processus d&#039;adh\u00e9sion - Association Europ\u00e9enne de Sexoth\u00e9rapie et de Th\u00e9rapie de couple\" \/>\n<meta property=\"og:description\" content=\"Adh\u00e9rer \u00e0 l&#8217;association Pour adh\u00e9rer \u00e0 l&#8217;association il est demand\u00e9 aux futurs membres de\u00a0prendre contact avec le bureau de l&#8217;association par mail : contact@aestc.org et &hellip;\" \/>\n<meta property=\"og:url\" content=\"https:\/\/aestc.org\/index.php\/processus-dadhesion\/\" \/>\n<meta property=\"og:site_name\" content=\"Association Europ\u00e9enne de Sexoth\u00e9rapie et de Th\u00e9rapie de couple\" \/>\n<meta property=\"article:modified_time\" content=\"2025-05-15T09:59:35+00:00\" \/>\n<meta name=\"twitter:card\" content=\"summary_large_image\" \/>\n<meta name=\"twitter:label1\" content=\"Dur\u00e9e de lecture estim\u00e9e\" \/>\n\t<meta name=\"twitter:data1\" content=\"1 minute\" \/>\n<script type=\"application\/ld+json\" class=\"yoast-schema-graph\">{\"@context\":\"https:\\\/\\\/schema.org\",\"@graph\":[{\"@type\":\"WebPage\",\"@id\":\"https:\\\/\\\/aestc.org\\\/index.php\\\/processus-dadhesion\\\/\",\"url\":\"https:\\\/\\\/aestc.org\\\/index.php\\\/processus-dadhesion\\\/\",\"name\":\"Processus d'adh\u00e9sion - Association Europ\u00e9enne de Sexoth\u00e9rapie et de Th\u00e9rapie de couple\",\"isPartOf\":{\"@id\":\"https:\\\/\\\/aestc.org\\\/#website\"},\"datePublished\":\"2024-03-20T10:31:57+00:00\",\"dateModified\":\"2025-05-15T09:59:35+00:00\",\"breadcrumb\":{\"@id\":\"https:\\\/\\\/aestc.org\\\/index.php\\\/processus-dadhesion\\\/#breadcrumb\"},\"inLanguage\":\"fr-FR\",\"potentialAction\":[{\"@type\":\"ReadAction\",\"target\":[\"https:\\\/\\\/aestc.org\\\/index.php\\\/processus-dadhesion\\\/\"]}]},{\"@type\":\"BreadcrumbList\",\"@id\":\"https:\\\/\\\/aestc.org\\\/index.php\\\/processus-dadhesion\\\/#breadcrumb\",\"itemListElement\":[{\"@type\":\"ListItem\",\"position\":1,\"name\":\"Accueil\",\"item\":\"https:\\\/\\\/aestc.org\\\/\"},{\"@type\":\"ListItem\",\"position\":2,\"name\":\"Processus d&#8217;adh\u00e9sion\"}]},{\"@type\":\"WebSite\",\"@id\":\"https:\\\/\\\/aestc.org\\\/#website\",\"url\":\"https:\\\/\\\/aestc.org\\\/\",\"name\":\"Association Europ\u00e9enne de Sexoth\u00e9rapie et de Th\u00e9rapie de couple\",\"description\":\"Une association de professionnels au b\u00e9n\u00e9fice de leurs clients\",\"publisher\":{\"@id\":\"https:\\\/\\\/aestc.org\\\/#organization\"},\"potentialAction\":[{\"@type\":\"SearchAction\",\"target\":{\"@type\":\"EntryPoint\",\"urlTemplate\":\"https:\\\/\\\/aestc.org\\\/?s={search_term_string}\"},\"query-input\":{\"@type\":\"PropertyValueSpecification\",\"valueRequired\":true,\"valueName\":\"search_term_string\"}}],\"inLanguage\":\"fr-FR\"},{\"@type\":\"Organization\",\"@id\":\"https:\\\/\\\/aestc.org\\\/#organization\",\"name\":\"Association Europ\u00e9enne de Sexoth\u00e9rapie et de Th\u00e9rapie de couple\",\"url\":\"https:\\\/\\\/aestc.org\\\/\",\"logo\":{\"@type\":\"ImageObject\",\"inLanguage\":\"fr-FR\",\"@id\":\"https:\\\/\\\/aestc.org\\\/#\\\/schema\\\/logo\\\/image\\\/\",\"url\":\"https:\\\/\\\/aestc.org\\\/wp-content\\\/uploads\\\/2026\\\/02\\\/logo-2.png\",\"contentUrl\":\"https:\\\/\\\/aestc.org\\\/wp-content\\\/uploads\\\/2026\\\/02\\\/logo-2.png\",\"width\":464,\"height\":148,\"caption\":\"Association Europ\u00e9enne de Sexoth\u00e9rapie et de Th\u00e9rapie de couple\"},\"image\":{\"@id\":\"https:\\\/\\\/aestc.org\\\/#\\\/schema\\\/logo\\\/image\\\/\"}}]}<\/script>\n<!-- \/ Yoast SEO plugin. -->","yoast_head_json":{"title":"Processus d'adh\u00e9sion - Association Europ\u00e9enne de Sexoth\u00e9rapie et de Th\u00e9rapie de couple","robots":{"index":"index","follow":"follow","max-snippet":"max-snippet:-1","max-image-preview":"max-image-preview:large","max-video-preview":"max-video-preview:-1"},"canonical":"https:\/\/aestc.org\/index.php\/processus-dadhesion\/","og_locale":"fr_FR","og_type":"article","og_title":"Processus d'adh\u00e9sion - Association Europ\u00e9enne de Sexoth\u00e9rapie et de Th\u00e9rapie de couple","og_description":"Adh\u00e9rer \u00e0 l&#8217;association Pour adh\u00e9rer \u00e0 l&#8217;association il est demand\u00e9 aux futurs membres de\u00a0prendre contact avec le bureau de l&#8217;association par mail : contact@aestc.org et &hellip;","og_url":"https:\/\/aestc.org\/index.php\/processus-dadhesion\/","og_site_name":"Association Europ\u00e9enne de Sexoth\u00e9rapie et de Th\u00e9rapie de couple","article_modified_time":"2025-05-15T09:59:35+00:00","twitter_card":"summary_large_image","twitter_misc":{"Dur\u00e9e de lecture estim\u00e9e":"1 minute"},"schema":{"@context":"https:\/\/schema.org","@graph":[{"@type":"WebPage","@id":"https:\/\/aestc.org\/index.php\/processus-dadhesion\/","url":"https:\/\/aestc.org\/index.php\/processus-dadhesion\/","name":"Processus d'adh\u00e9sion - Association Europ\u00e9enne de Sexoth\u00e9rapie et de Th\u00e9rapie de couple","isPartOf":{"@id":"https:\/\/aestc.org\/#website"},"datePublished":"2024-03-20T10:31:57+00:00","dateModified":"2025-05-15T09:59:35+00:00","breadcrumb":{"@id":"https:\/\/aestc.org\/index.php\/processus-dadhesion\/#breadcrumb"},"inLanguage":"fr-FR","potentialAction":[{"@type":"ReadAction","target":["https:\/\/aestc.org\/index.php\/processus-dadhesion\/"]}]},{"@type":"BreadcrumbList","@id":"https:\/\/aestc.org\/index.php\/processus-dadhesion\/#breadcrumb","itemListElement":[{"@type":"ListItem","position":1,"name":"Accueil","item":"https:\/\/aestc.org\/"},{"@type":"ListItem","position":2,"name":"Processus d&#8217;adh\u00e9sion"}]},{"@type":"WebSite","@id":"https:\/\/aestc.org\/#website","url":"https:\/\/aestc.org\/","name":"Association Europ\u00e9enne de Sexoth\u00e9rapie et de Th\u00e9rapie de couple","description":"Une association de professionnels au b\u00e9n\u00e9fice de leurs clients","publisher":{"@id":"https:\/\/aestc.org\/#organization"},"potentialAction":[{"@type":"SearchAction","target":{"@type":"EntryPoint","urlTemplate":"https:\/\/aestc.org\/?s={search_term_string}"},"query-input":{"@type":"PropertyValueSpecification","valueRequired":true,"valueName":"search_term_string"}}],"inLanguage":"fr-FR"},{"@type":"Organization","@id":"https:\/\/aestc.org\/#organization","name":"Association Europ\u00e9enne de Sexoth\u00e9rapie et de Th\u00e9rapie de couple","url":"https:\/\/aestc.org\/","logo":{"@type":"ImageObject","inLanguage":"fr-FR","@id":"https:\/\/aestc.org\/#\/schema\/logo\/image\/","url":"https:\/\/aestc.org\/wp-content\/uploads\/2026\/02\/logo-2.png","contentUrl":"https:\/\/aestc.org\/wp-content\/uploads\/2026\/02\/logo-2.png","width":464,"height":148,"caption":"Association Europ\u00e9enne de Sexoth\u00e9rapie et de Th\u00e9rapie de couple"},"image":{"@id":"https:\/\/aestc.org\/#\/schema\/logo\/image\/"}}]}},"ticketed":false,"_links":{"self":[{"href":"https:\/\/aestc.org\/index.php\/wp-json\/wp\/v2\/pages\/944","targetHints":{"allow":["GET"]}}],"collection":[{"href":"https:\/\/aestc.org\/index.php\/wp-json\/wp\/v2\/pages"}],"about":[{"href":"https:\/\/aestc.org\/index.php\/wp-json\/wp\/v2\/types\/page"}],"author":[{"embeddable":true,"href":"https:\/\/aestc.org\/index.php\/wp-json\/wp\/v2\/users\/1"}],"replies":[{"embeddable":true,"href":"https:\/\/aestc.org\/index.php\/wp-json\/wp\/v2\/comments?post=944"}],"version-history":[{"count":14,"href":"https:\/\/aestc.org\/index.php\/wp-json\/wp\/v2\/pages\/944\/revisions"}],"predecessor-version":[{"id":1344,"href":"https:\/\/aestc.org\/index.php\/wp-json\/wp\/v2\/pages\/944\/revisions\/1344"}],"wp:attachment":[{"href":"https:\/\/aestc.org\/index.php\/wp-json\/wp\/v2\/media?parent=944"}],"curies":[{"name":"wp","href":"https:\/\/api.w.org\/{rel}","templated":true}]}}