{"id":9,"date":"2020-11-18T17:37:53","date_gmt":"2020-11-18T16:37:53","guid":{"rendered":"http:\/\/aestc.org\/?page_id=9"},"modified":"2020-11-18T17:37:53","modified_gmt":"2020-11-18T16:37:53","slug":"a-propos-de","status":"publish","type":"page","link":"https:\/\/aestc.org\/index.php\/a-propos-de\/","title":{"rendered":"\u00c0 propos de"},"content":{"rendered":"\n<p>Vous pourriez \u00eatre un artiste et vouloir pr\u00e9senter vos travaux et vous m\u00eame ou encore \u00eatre une entreprise avec une mission \u00e0 promouvoir.<\/p>\n","protected":false},"excerpt":{"rendered":"<p>Vous pourriez \u00eatre un artiste et vouloir pr\u00e9senter vos travaux et vous m\u00eame ou encore \u00eatre une entreprise avec une mission \u00e0 promouvoir.<\/p>\n","protected":false},"author":1,"featured_media":6,"parent":0,"menu_order":0,"comment_status":"closed","ping_status":"closed","template":"","meta":{"_cbd_carousel_blocks":"[]","_price":"","_stock":"","_tribe_ticket_header":"","_tribe_default_ticket_provider":"","_tribe_ticket_capacity":"0","_ticket_start_date":"","_ticket_end_date":"","_tribe_ticket_show_description":"","_tribe_ticket_show_not_going":false,"_tribe_ticket_use_global_stock":"","_tribe_ticket_global_stock_level":"","_global_stock_mode":"","_global_stock_cap":"","_tribe_rsvp_for_event":"","_tribe_ticket_going_count":"","_tribe_ticket_not_going_count":"","_tribe_tickets_list":"[]","_tribe_ticket_has_attendee_info_fields":false,"footnotes":"","_tec_slr_enabled":"","_tec_slr_layout":""},"class_list":["post-9","page","type-page","status-publish","has-post-thumbnail","hentry"],"yoast_head":"<!-- This site is optimized with the Yoast SEO plugin v27.4 - https:\/\/yoast.com\/product\/yoast-seo-wordpress\/ -->\n<title>\u00c0 propos de - Association Europ\u00e9enne de Sexoth\u00e9rapie et de Th\u00e9rapie de couple<\/title>\n<meta name=\"robots\" content=\"index, follow, max-snippet:-1, max-image-preview:large, max-video-preview:-1\" \/>\n<link rel=\"canonical\" href=\"https:\/\/aestc.org\/index.php\/a-propos-de\/\" \/>\n<meta property=\"og:locale\" content=\"fr_FR\" \/>\n<meta property=\"og:type\" content=\"article\" \/>\n<meta property=\"og:title\" content=\"\u00c0 propos de - Association Europ\u00e9enne de Sexoth\u00e9rapie et de Th\u00e9rapie de couple\" \/>\n<meta property=\"og:description\" content=\"Vous pourriez \u00eatre un artiste et vouloir pr\u00e9senter vos travaux et vous m\u00eame ou encore \u00eatre une entreprise avec une mission \u00e0 promouvoir.\" \/>\n<meta property=\"og:url\" content=\"https:\/\/aestc.org\/index.php\/a-propos-de\/\" \/>\n<meta property=\"og:site_name\" content=\"Association Europ\u00e9enne de Sexoth\u00e9rapie et de Th\u00e9rapie de couple\" \/>\n<meta property=\"og:image\" content=\"https:\/\/aestc.org\/wp-content\/uploads\/2020\/11\/sandwich.jpg\" \/>\n\t<meta property=\"og:image:width\" content=\"2000\" \/>\n\t<meta property=\"og:image:height\" content=\"1200\" \/>\n\t<meta property=\"og:image:type\" content=\"image\/jpeg\" \/>\n<meta name=\"twitter:card\" content=\"summary_large_image\" \/>\n<script type=\"application\/ld+json\" class=\"yoast-schema-graph\">{\"@context\":\"https:\\\/\\\/schema.org\",\"@graph\":[{\"@type\":\"WebPage\",\"@id\":\"https:\\\/\\\/aestc.org\\\/index.php\\\/a-propos-de\\\/\",\"url\":\"https:\\\/\\\/aestc.org\\\/index.php\\\/a-propos-de\\\/\",\"name\":\"\u00c0 propos de - Association Europ\u00e9enne de Sexoth\u00e9rapie et de Th\u00e9rapie de couple\",\"isPartOf\":{\"@id\":\"https:\\\/\\\/aestc.org\\\/#website\"},\"primaryImageOfPage\":{\"@id\":\"https:\\\/\\\/aestc.org\\\/index.php\\\/a-propos-de\\\/#primaryimage\"},\"image\":{\"@id\":\"https:\\\/\\\/aestc.org\\\/index.php\\\/a-propos-de\\\/#primaryimage\"},\"thumbnailUrl\":\"https:\\\/\\\/aestc.org\\\/wp-content\\\/uploads\\\/2020\\\/11\\\/sandwich.jpg\",\"datePublished\":\"2020-11-18T16:37:53+00:00\",\"breadcrumb\":{\"@id\":\"https:\\\/\\\/aestc.org\\\/index.php\\\/a-propos-de\\\/#breadcrumb\"},\"inLanguage\":\"fr-FR\",\"potentialAction\":[{\"@type\":\"ReadAction\",\"target\":[\"https:\\\/\\\/aestc.org\\\/index.php\\\/a-propos-de\\\/\"]}]},{\"@type\":\"ImageObject\",\"inLanguage\":\"fr-FR\",\"@id\":\"https:\\\/\\\/aestc.org\\\/index.php\\\/a-propos-de\\\/#primaryimage\",\"url\":\"https:\\\/\\\/aestc.org\\\/wp-content\\\/uploads\\\/2020\\\/11\\\/sandwich.jpg\",\"contentUrl\":\"https:\\\/\\\/aestc.org\\\/wp-content\\\/uploads\\\/2020\\\/11\\\/sandwich.jpg\",\"width\":2000,\"height\":1200},{\"@type\":\"BreadcrumbList\",\"@id\":\"https:\\\/\\\/aestc.org\\\/index.php\\\/a-propos-de\\\/#breadcrumb\",\"itemListElement\":[{\"@type\":\"ListItem\",\"position\":1,\"name\":\"Accueil\",\"item\":\"https:\\\/\\\/aestc.org\\\/\"},{\"@type\":\"ListItem\",\"position\":2,\"name\":\"\u00c0 propos de\"}]},{\"@type\":\"WebSite\",\"@id\":\"https:\\\/\\\/aestc.org\\\/#website\",\"url\":\"https:\\\/\\\/aestc.org\\\/\",\"name\":\"Association Europ\u00e9enne de Sexoth\u00e9rapie et de Th\u00e9rapie de couple\",\"description\":\"Une association de professionnels au b\u00e9n\u00e9fice de leurs clients\",\"publisher\":{\"@id\":\"https:\\\/\\\/aestc.org\\\/#organization\"},\"potentialAction\":[{\"@type\":\"SearchAction\",\"target\":{\"@type\":\"EntryPoint\",\"urlTemplate\":\"https:\\\/\\\/aestc.org\\\/?s={search_term_string}\"},\"query-input\":{\"@type\":\"PropertyValueSpecification\",\"valueRequired\":true,\"valueName\":\"search_term_string\"}}],\"inLanguage\":\"fr-FR\"},{\"@type\":\"Organization\",\"@id\":\"https:\\\/\\\/aestc.org\\\/#organization\",\"name\":\"Association Europ\u00e9enne de Sexoth\u00e9rapie et de Th\u00e9rapie de couple\",\"url\":\"https:\\\/\\\/aestc.org\\\/\",\"logo\":{\"@type\":\"ImageObject\",\"inLanguage\":\"fr-FR\",\"@id\":\"https:\\\/\\\/aestc.org\\\/#\\\/schema\\\/logo\\\/image\\\/\",\"url\":\"https:\\\/\\\/aestc.org\\\/wp-content\\\/uploads\\\/2026\\\/02\\\/logo-2.png\",\"contentUrl\":\"https:\\\/\\\/aestc.org\\\/wp-content\\\/uploads\\\/2026\\\/02\\\/logo-2.png\",\"width\":464,\"height\":148,\"caption\":\"Association Europ\u00e9enne de Sexoth\u00e9rapie et de Th\u00e9rapie de couple\"},\"image\":{\"@id\":\"https:\\\/\\\/aestc.org\\\/#\\\/schema\\\/logo\\\/image\\\/\"}}]}<\/script>\n<!-- \/ Yoast SEO plugin. -->","yoast_head_json":{"title":"\u00c0 propos de - Association Europ\u00e9enne de Sexoth\u00e9rapie et de Th\u00e9rapie de couple","robots":{"index":"index","follow":"follow","max-snippet":"max-snippet:-1","max-image-preview":"max-image-preview:large","max-video-preview":"max-video-preview:-1"},"canonical":"https:\/\/aestc.org\/index.php\/a-propos-de\/","og_locale":"fr_FR","og_type":"article","og_title":"\u00c0 propos de - Association Europ\u00e9enne de Sexoth\u00e9rapie et de Th\u00e9rapie de couple","og_description":"Vous pourriez \u00eatre un artiste et vouloir pr\u00e9senter vos travaux et vous m\u00eame ou encore \u00eatre une entreprise avec une mission \u00e0 promouvoir.","og_url":"https:\/\/aestc.org\/index.php\/a-propos-de\/","og_site_name":"Association Europ\u00e9enne de Sexoth\u00e9rapie et de Th\u00e9rapie de couple","og_image":[{"width":2000,"height":1200,"url":"https:\/\/aestc.org\/wp-content\/uploads\/2020\/11\/sandwich.jpg","type":"image\/jpeg"}],"twitter_card":"summary_large_image","schema":{"@context":"https:\/\/schema.org","@graph":[{"@type":"WebPage","@id":"https:\/\/aestc.org\/index.php\/a-propos-de\/","url":"https:\/\/aestc.org\/index.php\/a-propos-de\/","name":"\u00c0 propos de - Association Europ\u00e9enne de Sexoth\u00e9rapie et de Th\u00e9rapie de couple","isPartOf":{"@id":"https:\/\/aestc.org\/#website"},"primaryImageOfPage":{"@id":"https:\/\/aestc.org\/index.php\/a-propos-de\/#primaryimage"},"image":{"@id":"https:\/\/aestc.org\/index.php\/a-propos-de\/#primaryimage"},"thumbnailUrl":"https:\/\/aestc.org\/wp-content\/uploads\/2020\/11\/sandwich.jpg","datePublished":"2020-11-18T16:37:53+00:00","breadcrumb":{"@id":"https:\/\/aestc.org\/index.php\/a-propos-de\/#breadcrumb"},"inLanguage":"fr-FR","potentialAction":[{"@type":"ReadAction","target":["https:\/\/aestc.org\/index.php\/a-propos-de\/"]}]},{"@type":"ImageObject","inLanguage":"fr-FR","@id":"https:\/\/aestc.org\/index.php\/a-propos-de\/#primaryimage","url":"https:\/\/aestc.org\/wp-content\/uploads\/2020\/11\/sandwich.jpg","contentUrl":"https:\/\/aestc.org\/wp-content\/uploads\/2020\/11\/sandwich.jpg","width":2000,"height":1200},{"@type":"BreadcrumbList","@id":"https:\/\/aestc.org\/index.php\/a-propos-de\/#breadcrumb","itemListElement":[{"@type":"ListItem","position":1,"name":"Accueil","item":"https:\/\/aestc.org\/"},{"@type":"ListItem","position":2,"name":"\u00c0 propos de"}]},{"@type":"WebSite","@id":"https:\/\/aestc.org\/#website","url":"https:\/\/aestc.org\/","name":"Association Europ\u00e9enne de Sexoth\u00e9rapie et de Th\u00e9rapie de couple","description":"Une association de professionnels au b\u00e9n\u00e9fice de leurs clients","publisher":{"@id":"https:\/\/aestc.org\/#organization"},"potentialAction":[{"@type":"SearchAction","target":{"@type":"EntryPoint","urlTemplate":"https:\/\/aestc.org\/?s={search_term_string}"},"query-input":{"@type":"PropertyValueSpecification","valueRequired":true,"valueName":"search_term_string"}}],"inLanguage":"fr-FR"},{"@type":"Organization","@id":"https:\/\/aestc.org\/#organization","name":"Association Europ\u00e9enne de Sexoth\u00e9rapie et de Th\u00e9rapie de couple","url":"https:\/\/aestc.org\/","logo":{"@type":"ImageObject","inLanguage":"fr-FR","@id":"https:\/\/aestc.org\/#\/schema\/logo\/image\/","url":"https:\/\/aestc.org\/wp-content\/uploads\/2026\/02\/logo-2.png","contentUrl":"https:\/\/aestc.org\/wp-content\/uploads\/2026\/02\/logo-2.png","width":464,"height":148,"caption":"Association Europ\u00e9enne de Sexoth\u00e9rapie et de Th\u00e9rapie de couple"},"image":{"@id":"https:\/\/aestc.org\/#\/schema\/logo\/image\/"}}]}},"ticketed":false,"_links":{"self":[{"href":"https:\/\/aestc.org\/index.php\/wp-json\/wp\/v2\/pages\/9","targetHints":{"allow":["GET"]}}],"collection":[{"href":"https:\/\/aestc.org\/index.php\/wp-json\/wp\/v2\/pages"}],"about":[{"href":"https:\/\/aestc.org\/index.php\/wp-json\/wp\/v2\/types\/page"}],"author":[{"embeddable":true,"href":"https:\/\/aestc.org\/index.php\/wp-json\/wp\/v2\/users\/1"}],"replies":[{"embeddable":true,"href":"https:\/\/aestc.org\/index.php\/wp-json\/wp\/v2\/comments?post=9"}],"version-history":[{"count":1,"href":"https:\/\/aestc.org\/index.php\/wp-json\/wp\/v2\/pages\/9\/revisions"}],"predecessor-version":[{"id":16,"href":"https:\/\/aestc.org\/index.php\/wp-json\/wp\/v2\/pages\/9\/revisions\/16"}],"wp:featuredmedia":[{"embeddable":true,"href":"https:\/\/aestc.org\/index.php\/wp-json\/wp\/v2\/media\/6"}],"wp:attachment":[{"href":"https:\/\/aestc.org\/index.php\/wp-json\/wp\/v2\/media?parent=9"}],"curies":[{"name":"wp","href":"https:\/\/api.w.org\/{rel}","templated":true}]}}