{"id":1241,"date":"2024-07-09T13:51:11","date_gmt":"2024-07-09T11:51:11","guid":{"rendered":"https:\/\/aestc.org\/index.php\/register\/"},"modified":"2024-07-09T13:51:11","modified_gmt":"2024-07-09T11:51:11","slug":"register","status":"publish","type":"page","link":"https:\/\/aestc.org\/index.php\/register\/","title":{"rendered":"S\u2019inscrire"},"content":{"rendered":"\n<div class=\"um um-register um-217\">\n\t<div class=\"um-form\" data-mode=\"register\">\n\t\t<form method=\"post\" action=\"\">\n\t\t\t<div class=\"um-row _um_row_1 \" style=\"margin: 0 0 30px 0;\"><div class=\"um-col-1\"><div  id=\"um_field_217_user_login\" class=\"um-field um-field-text  um-field-user_login um-field-text um-field-type_text\" data-key=\"user_login\"><div class=\"um-field-label\"><label for=\"user_login-217\">Identifiant<\/label><div class=\"um-clear\"><\/div><\/div><div class=\"um-field-area\"><input  autocomplete=\"off\" class=\"um-form-field valid \" type=\"text\" name=\"user_login-217\" id=\"user_login-217\" value=\"\" placeholder=\"\" data-validate=\"unique_username\" data-key=\"user_login\"  aria-invalid=\"false\" \/>\n\n\t\t\t\t\t\t<\/div><\/div><div  id=\"um_field_217_first_name\" class=\"um-field um-field-text  um-field-first_name um-field-text um-field-type_text\" data-key=\"first_name\"><div class=\"um-field-label\"><label for=\"first_name-217\">Pr\u00e9nom<\/label><div class=\"um-clear\"><\/div><\/div><div class=\"um-field-area\"><input  autocomplete=\"off\" class=\"um-form-field valid \" type=\"text\" name=\"first_name-217\" id=\"first_name-217\" value=\"\" placeholder=\"\" data-validate=\"\" data-key=\"first_name\"  aria-invalid=\"false\" \/>\n\n\t\t\t\t\t\t<\/div><\/div><div  id=\"um_field_217_last_name\" class=\"um-field um-field-text  um-field-last_name um-field-text um-field-type_text\" data-key=\"last_name\"><div class=\"um-field-label\"><label for=\"last_name-217\">Nom<\/label><div class=\"um-clear\"><\/div><\/div><div class=\"um-field-area\"><input  autocomplete=\"off\" class=\"um-form-field valid \" type=\"text\" name=\"last_name-217\" id=\"last_name-217\" value=\"\" placeholder=\"\" data-validate=\"\" data-key=\"last_name\"  aria-invalid=\"false\" \/>\n\n\t\t\t\t\t\t<\/div><\/div><div  id=\"um_field_217_user_email\" class=\"um-field um-field-text  um-field-user_email um-field-text um-field-type_text\" data-key=\"user_email\"><div class=\"um-field-label\"><label for=\"user_email-217\">Adresse e-mail<\/label><div class=\"um-clear\"><\/div><\/div><div class=\"um-field-area\"><input  autocomplete=\"off\" class=\"um-form-field valid \" type=\"text\" name=\"user_email-217\" id=\"user_email-217\" value=\"\" placeholder=\"\" data-validate=\"unique_email\" data-key=\"user_email\"  aria-invalid=\"false\" \/>\n\n\t\t\t\t\t\t<\/div><\/div><div  id=\"um_field_217_user_password\" class=\"um-field um-field-password  um-field-user_password um-field-password um-field-type_password\" data-key=\"user_password\"><div class=\"um-field-label\"><label for=\"user_password-217\">Mot de passe<\/label><div class=\"um-clear\"><\/div><\/div><div class=\"um-field-area\"><input class=\"um-form-field valid \" type=\"password\" name=\"user_password-217\" id=\"user_password-217\" value=\"\" placeholder=\"\" data-validate=\"\" data-key=\"user_password\"  aria-invalid=\"false\" \/>\n\n\t\t\t\t\t\t\t<\/div><\/div><div  id=\"um_field_217_confirm_user_password\" class=\"um-field um-field-password  um-field-user_password um-field-password um-field-type_password\" data-key=\"confirm_user_password\"><div class=\"um-field-label\"><label for=\"confirm_user_password-217\">Confirmer le Mot de passe<\/label><div class=\"um-clear\"><\/div><\/div><div class=\"um-field-area\"><input class=\"um-form-field valid \" type=\"password\" name=\"confirm_user_password-217\" id=\"confirm_user_password-217\" value=\"\" placeholder=\"Confirmer le Mot de passe\" data-validate=\"\" data-key=\"confirm_user_password\"  aria-invalid=\"false\" \/><\/div><\/div><\/div><\/div>\t<input type=\"hidden\" name=\"form_id\" id=\"form_id_217\" value=\"217\" \/>\n\t\t<p class=\"um_request_name\">\n\t\t<label for=\"um_request_217\">Only fill in if you are not human<\/label>\n\t\t<input type=\"hidden\" name=\"um_request\" id=\"um_request_217\" class=\"input\" value=\"\" size=\"25\" autocomplete=\"off\" \/>\n\t<\/p>\n\t<input type=\"hidden\" id=\"_wpnonce\" name=\"_wpnonce\" value=\"90ef7c8906\" \/><input type=\"hidden\" name=\"_wp_http_referer\" value=\"\/index.php\/wp-json\/wp\/v2\/pages\/1241\" \/>\n\t<div class=\"um-col-alt\">\n\n\t\t\n\t\t\t<div class=\"um-left um-half\">\n\t\t\t\t<input type=\"submit\" value=\"Inscription\" class=\"um-button\" id=\"um-submit-btn\" \/>\n\t\t\t<\/div>\n\t\t\t<div class=\"um-right um-half\">\n\t\t\t\t<a href=\"https:\/\/aestc.org\/index.php\/login-2\/\" class=\"um-button um-alt\">\n\t\t\t\t\tConnexion\t\t\t\t<\/a>\n\t\t\t<\/div>\n\n\t\t\n\t\t<div class=\"um-clear\"><\/div>\n\n\t<\/div>\n\n\t\t\t<\/form>\n\t<\/div>\n<\/div>\n<style>\n\t\t\t.um-217.um {\n\t\t\tmax-width: 450px;\n\t\t}\n\t\t<\/style>\n\n","protected":false},"excerpt":{"rendered":"","protected":false},"author":1,"featured_media":0,"parent":0,"menu_order":0,"comment_status":"closed","ping_status":"closed","template":"","meta":{"_cbd_carousel_blocks":"[]","_price":"","_stock":"","_tribe_ticket_header":"","_tribe_default_ticket_provider":"","_tribe_ticket_capacity":"0","_ticket_start_date":"","_ticket_end_date":"","_tribe_ticket_show_description":"","_tribe_ticket_show_not_going":false,"_tribe_ticket_use_global_stock":"","_tribe_ticket_global_stock_level":"","_global_stock_mode":"","_global_stock_cap":"","_tribe_rsvp_for_event":"","_tribe_ticket_going_count":"","_tribe_ticket_not_going_count":"","_tribe_tickets_list":"[]","_tribe_ticket_has_attendee_info_fields":false,"footnotes":"","_tec_slr_enabled":"","_tec_slr_layout":""},"class_list":["post-1241","page","type-page","status-publish","hentry"],"yoast_head":"<!-- This site is optimized with the Yoast SEO plugin v27.5 - https:\/\/yoast.com\/product\/yoast-seo-wordpress\/ -->\n<title>S\u2019inscrire - Association Europ\u00e9enne de Sexoth\u00e9rapie et de Th\u00e9rapie de couple<\/title>\n<meta name=\"robots\" content=\"index, follow, max-snippet:-1, max-image-preview:large, max-video-preview:-1\" \/>\n<link rel=\"canonical\" href=\"https:\/\/aestc.org\/index.php\/register\/\" \/>\n<meta property=\"og:locale\" content=\"fr_FR\" \/>\n<meta property=\"og:type\" content=\"article\" \/>\n<meta property=\"og:title\" content=\"S\u2019inscrire - Association Europ\u00e9enne de Sexoth\u00e9rapie et de Th\u00e9rapie de couple\" \/>\n<meta property=\"og:url\" content=\"https:\/\/aestc.org\/index.php\/register\/\" \/>\n<meta property=\"og:site_name\" content=\"Association Europ\u00e9enne de Sexoth\u00e9rapie et de Th\u00e9rapie de couple\" \/>\n<meta name=\"twitter:card\" content=\"summary_large_image\" \/>\n<script type=\"application\/ld+json\" class=\"yoast-schema-graph\">{\"@context\":\"https:\\\/\\\/schema.org\",\"@graph\":[{\"@type\":\"WebPage\",\"@id\":\"https:\\\/\\\/aestc.org\\\/index.php\\\/register\\\/\",\"url\":\"https:\\\/\\\/aestc.org\\\/index.php\\\/register\\\/\",\"name\":\"S\u2019inscrire - Association Europ\u00e9enne de Sexoth\u00e9rapie et de Th\u00e9rapie de couple\",\"isPartOf\":{\"@id\":\"https:\\\/\\\/aestc.org\\\/#website\"},\"datePublished\":\"2024-07-09T11:51:11+00:00\",\"breadcrumb\":{\"@id\":\"https:\\\/\\\/aestc.org\\\/index.php\\\/register\\\/#breadcrumb\"},\"inLanguage\":\"fr-FR\",\"potentialAction\":[{\"@type\":\"ReadAction\",\"target\":[\"https:\\\/\\\/aestc.org\\\/index.php\\\/register\\\/\"]}]},{\"@type\":\"BreadcrumbList\",\"@id\":\"https:\\\/\\\/aestc.org\\\/index.php\\\/register\\\/#breadcrumb\",\"itemListElement\":[{\"@type\":\"ListItem\",\"position\":1,\"name\":\"Accueil\",\"item\":\"https:\\\/\\\/aestc.org\\\/\"},{\"@type\":\"ListItem\",\"position\":2,\"name\":\"S\u2019inscrire\"}]},{\"@type\":\"WebSite\",\"@id\":\"https:\\\/\\\/aestc.org\\\/#website\",\"url\":\"https:\\\/\\\/aestc.org\\\/\",\"name\":\"Association Europ\u00e9enne de Sexoth\u00e9rapie et de Th\u00e9rapie de couple\",\"description\":\"Une association de professionnels au b\u00e9n\u00e9fice de leurs clients\",\"publisher\":{\"@id\":\"https:\\\/\\\/aestc.org\\\/#organization\"},\"potentialAction\":[{\"@type\":\"SearchAction\",\"target\":{\"@type\":\"EntryPoint\",\"urlTemplate\":\"https:\\\/\\\/aestc.org\\\/?s={search_term_string}\"},\"query-input\":{\"@type\":\"PropertyValueSpecification\",\"valueRequired\":true,\"valueName\":\"search_term_string\"}}],\"inLanguage\":\"fr-FR\"},{\"@type\":\"Organization\",\"@id\":\"https:\\\/\\\/aestc.org\\\/#organization\",\"name\":\"Association Europ\u00e9enne de Sexoth\u00e9rapie et de Th\u00e9rapie de couple\",\"url\":\"https:\\\/\\\/aestc.org\\\/\",\"logo\":{\"@type\":\"ImageObject\",\"inLanguage\":\"fr-FR\",\"@id\":\"https:\\\/\\\/aestc.org\\\/#\\\/schema\\\/logo\\\/image\\\/\",\"url\":\"https:\\\/\\\/aestc.org\\\/wp-content\\\/uploads\\\/2026\\\/02\\\/logo-2.png\",\"contentUrl\":\"https:\\\/\\\/aestc.org\\\/wp-content\\\/uploads\\\/2026\\\/02\\\/logo-2.png\",\"width\":464,\"height\":148,\"caption\":\"Association Europ\u00e9enne de Sexoth\u00e9rapie et de Th\u00e9rapie de couple\"},\"image\":{\"@id\":\"https:\\\/\\\/aestc.org\\\/#\\\/schema\\\/logo\\\/image\\\/\"}}]}<\/script>\n<!-- \/ Yoast SEO plugin. -->","yoast_head_json":{"title":"S\u2019inscrire - Association Europ\u00e9enne de Sexoth\u00e9rapie et de Th\u00e9rapie de couple","robots":{"index":"index","follow":"follow","max-snippet":"max-snippet:-1","max-image-preview":"max-image-preview:large","max-video-preview":"max-video-preview:-1"},"canonical":"https:\/\/aestc.org\/index.php\/register\/","og_locale":"fr_FR","og_type":"article","og_title":"S\u2019inscrire - Association Europ\u00e9enne de Sexoth\u00e9rapie et de Th\u00e9rapie de couple","og_url":"https:\/\/aestc.org\/index.php\/register\/","og_site_name":"Association Europ\u00e9enne de Sexoth\u00e9rapie et de Th\u00e9rapie de couple","twitter_card":"summary_large_image","schema":{"@context":"https:\/\/schema.org","@graph":[{"@type":"WebPage","@id":"https:\/\/aestc.org\/index.php\/register\/","url":"https:\/\/aestc.org\/index.php\/register\/","name":"S\u2019inscrire - Association Europ\u00e9enne de Sexoth\u00e9rapie et de Th\u00e9rapie de couple","isPartOf":{"@id":"https:\/\/aestc.org\/#website"},"datePublished":"2024-07-09T11:51:11+00:00","breadcrumb":{"@id":"https:\/\/aestc.org\/index.php\/register\/#breadcrumb"},"inLanguage":"fr-FR","potentialAction":[{"@type":"ReadAction","target":["https:\/\/aestc.org\/index.php\/register\/"]}]},{"@type":"BreadcrumbList","@id":"https:\/\/aestc.org\/index.php\/register\/#breadcrumb","itemListElement":[{"@type":"ListItem","position":1,"name":"Accueil","item":"https:\/\/aestc.org\/"},{"@type":"ListItem","position":2,"name":"S\u2019inscrire"}]},{"@type":"WebSite","@id":"https:\/\/aestc.org\/#website","url":"https:\/\/aestc.org\/","name":"Association Europ\u00e9enne de Sexoth\u00e9rapie et de Th\u00e9rapie de couple","description":"Une association de professionnels au b\u00e9n\u00e9fice de leurs clients","publisher":{"@id":"https:\/\/aestc.org\/#organization"},"potentialAction":[{"@type":"SearchAction","target":{"@type":"EntryPoint","urlTemplate":"https:\/\/aestc.org\/?s={search_term_string}"},"query-input":{"@type":"PropertyValueSpecification","valueRequired":true,"valueName":"search_term_string"}}],"inLanguage":"fr-FR"},{"@type":"Organization","@id":"https:\/\/aestc.org\/#organization","name":"Association Europ\u00e9enne de Sexoth\u00e9rapie et de Th\u00e9rapie de couple","url":"https:\/\/aestc.org\/","logo":{"@type":"ImageObject","inLanguage":"fr-FR","@id":"https:\/\/aestc.org\/#\/schema\/logo\/image\/","url":"https:\/\/aestc.org\/wp-content\/uploads\/2026\/02\/logo-2.png","contentUrl":"https:\/\/aestc.org\/wp-content\/uploads\/2026\/02\/logo-2.png","width":464,"height":148,"caption":"Association Europ\u00e9enne de Sexoth\u00e9rapie et de Th\u00e9rapie de couple"},"image":{"@id":"https:\/\/aestc.org\/#\/schema\/logo\/image\/"}}]}},"ticketed":false,"_links":{"self":[{"href":"https:\/\/aestc.org\/index.php\/wp-json\/wp\/v2\/pages\/1241","targetHints":{"allow":["GET"]}}],"collection":[{"href":"https:\/\/aestc.org\/index.php\/wp-json\/wp\/v2\/pages"}],"about":[{"href":"https:\/\/aestc.org\/index.php\/wp-json\/wp\/v2\/types\/page"}],"author":[{"embeddable":true,"href":"https:\/\/aestc.org\/index.php\/wp-json\/wp\/v2\/users\/1"}],"replies":[{"embeddable":true,"href":"https:\/\/aestc.org\/index.php\/wp-json\/wp\/v2\/comments?post=1241"}],"version-history":[{"count":0,"href":"https:\/\/aestc.org\/index.php\/wp-json\/wp\/v2\/pages\/1241\/revisions"}],"wp:attachment":[{"href":"https:\/\/aestc.org\/index.php\/wp-json\/wp\/v2\/media?parent=1241"}],"curies":[{"name":"wp","href":"https:\/\/api.w.org\/{rel}","templated":true}]}}