{"id":1094,"date":"2024-07-12T13:08:51","date_gmt":"2024-07-12T11:08:51","guid":{"rendered":"https:\/\/aestc.org\/?page_id=1094"},"modified":"2025-11-03T16:21:38","modified_gmt":"2025-11-03T15:21:38","slug":"ressources-spiritualite-2","status":"publish","type":"page","link":"https:\/\/aestc.org\/index.php\/ressources-spiritualite-2\/","title":{"rendered":"Contenu restreint"},"content":{"rendered":"L'acc\u00e8s aux ressources de l'association est r\u00e9serv\u00e9 aux membres de l'association \u00e0 jour de cotisation. Les professionnel.le.s de la sexoth\u00e9rapie et de la th\u00e9rapie de couple peuvent adh\u00e9rer \u00e0 l'association en prenant contact avec le bureau de l'association par mail : contact@aestc.org.\r\n\r\nLe bureau de l'association.","protected":false},"excerpt":{"rendered":"","protected":false},"author":1,"featured_media":0,"parent":0,"menu_order":0,"comment_status":"closed","ping_status":"closed","template":"","meta":{"_cbd_carousel_blocks":"[]","_price":"","_stock":"","_tribe_ticket_header":"","_tribe_default_ticket_provider":"","_tribe_ticket_capacity":"0","_ticket_start_date":"","_ticket_end_date":"","_tribe_ticket_show_description":"","_tribe_ticket_show_not_going":false,"_tribe_ticket_use_global_stock":"","_tribe_ticket_global_stock_level":"","_global_stock_mode":"","_global_stock_cap":"","_tribe_rsvp_for_event":"","_tribe_ticket_going_count":"","_tribe_ticket_not_going_count":"","_tribe_tickets_list":"[]","_tribe_ticket_has_attendee_info_fields":false,"footnotes":"","_tec_slr_enabled":"","_tec_slr_layout":""},"class_list":["post-1094","page","type-page","status-publish","hentry"],"yoast_head":"<!-- This site is optimized with the Yoast SEO plugin v27.3 - https:\/\/yoast.com\/product\/yoast-seo-wordpress\/ -->\n<title>Ressources : Spiritualit\u00e9 - Association Europ\u00e9enne de Sexoth\u00e9rapie et de Th\u00e9rapie de couple<\/title>\n<meta name=\"robots\" content=\"index, follow, max-snippet:-1, max-image-preview:large, max-video-preview:-1\" \/>\n<link rel=\"canonical\" href=\"https:\/\/aestc.org\/index.php\/ressources-spiritualite-2\/\" \/>\n<meta property=\"og:locale\" content=\"fr_FR\" \/>\n<meta property=\"og:type\" content=\"article\" \/>\n<meta property=\"og:title\" content=\"Ressources : Spiritualit\u00e9 - Association Europ\u00e9enne de Sexoth\u00e9rapie et de Th\u00e9rapie de couple\" \/>\n<meta property=\"og:url\" content=\"https:\/\/aestc.org\/index.php\/ressources-spiritualite-2\/\" \/>\n<meta property=\"og:site_name\" content=\"Association Europ\u00e9enne de Sexoth\u00e9rapie et de Th\u00e9rapie de couple\" \/>\n<meta property=\"article:modified_time\" content=\"2025-11-03T15:21:38+00:00\" \/>\n<meta property=\"og:image\" content=\"https:\/\/aestc.org\/wp-content\/uploads\/elementor\/thumbs\/cropped-buddha-4642497_1920-1-qnu0i1nvqpgsuatblzcinrj3j5nydq8842fownvx6o.jpg\" \/>\n<meta name=\"twitter:card\" content=\"summary_large_image\" \/>\n<meta name=\"twitter:label1\" content=\"Dur\u00e9e de lecture estim\u00e9e\" \/>\n\t<meta name=\"twitter:data1\" content=\"1 minute\" \/>\n<script type=\"application\/ld+json\" class=\"yoast-schema-graph\">{\"@context\":\"https:\\\/\\\/schema.org\",\"@graph\":[{\"@type\":\"WebPage\",\"@id\":\"https:\\\/\\\/aestc.org\\\/index.php\\\/ressources-spiritualite-2\\\/\",\"url\":\"https:\\\/\\\/aestc.org\\\/index.php\\\/ressources-spiritualite-2\\\/\",\"name\":\"Ressources : Spiritualit\u00e9 - Association Europ\u00e9enne de Sexoth\u00e9rapie et de Th\u00e9rapie de couple\",\"isPartOf\":{\"@id\":\"https:\\\/\\\/aestc.org\\\/#website\"},\"primaryImageOfPage\":{\"@id\":\"https:\\\/\\\/aestc.org\\\/index.php\\\/ressources-spiritualite-2\\\/#primaryimage\"},\"image\":{\"@id\":\"https:\\\/\\\/aestc.org\\\/index.php\\\/ressources-spiritualite-2\\\/#primaryimage\"},\"thumbnailUrl\":\"https:\\\/\\\/aestc.org\\\/wp-content\\\/uploads\\\/elementor\\\/thumbs\\\/cropped-buddha-4642497_1920-1-qnu0i1nvqpgsuatblzcinrj3j5nydq8842fownvx6o.jpg\",\"datePublished\":\"2024-07-12T11:08:51+00:00\",\"dateModified\":\"2025-11-03T15:21:38+00:00\",\"breadcrumb\":{\"@id\":\"https:\\\/\\\/aestc.org\\\/index.php\\\/ressources-spiritualite-2\\\/#breadcrumb\"},\"inLanguage\":\"fr-FR\",\"potentialAction\":[{\"@type\":\"ReadAction\",\"target\":[\"https:\\\/\\\/aestc.org\\\/index.php\\\/ressources-spiritualite-2\\\/\"]}]},{\"@type\":\"ImageObject\",\"inLanguage\":\"fr-FR\",\"@id\":\"https:\\\/\\\/aestc.org\\\/index.php\\\/ressources-spiritualite-2\\\/#primaryimage\",\"url\":\"https:\\\/\\\/aestc.org\\\/wp-content\\\/uploads\\\/elementor\\\/thumbs\\\/cropped-buddha-4642497_1920-1-qnu0i1nvqpgsuatblzcinrj3j5nydq8842fownvx6o.jpg\",\"contentUrl\":\"https:\\\/\\\/aestc.org\\\/wp-content\\\/uploads\\\/elementor\\\/thumbs\\\/cropped-buddha-4642497_1920-1-qnu0i1nvqpgsuatblzcinrj3j5nydq8842fownvx6o.jpg\"},{\"@type\":\"BreadcrumbList\",\"@id\":\"https:\\\/\\\/aestc.org\\\/index.php\\\/ressources-spiritualite-2\\\/#breadcrumb\",\"itemListElement\":[{\"@type\":\"ListItem\",\"position\":1,\"name\":\"Accueil\",\"item\":\"https:\\\/\\\/aestc.org\\\/\"},{\"@type\":\"ListItem\",\"position\":2,\"name\":\"Contenu restreint\"}]},{\"@type\":\"WebSite\",\"@id\":\"https:\\\/\\\/aestc.org\\\/#website\",\"url\":\"https:\\\/\\\/aestc.org\\\/\",\"name\":\"Association Europ\u00e9enne de Sexoth\u00e9rapie et de Th\u00e9rapie de couple\",\"description\":\"Une association de professionnels au b\u00e9n\u00e9fice de leurs clients\",\"publisher\":{\"@id\":\"https:\\\/\\\/aestc.org\\\/#organization\"},\"potentialAction\":[{\"@type\":\"SearchAction\",\"target\":{\"@type\":\"EntryPoint\",\"urlTemplate\":\"https:\\\/\\\/aestc.org\\\/?s={search_term_string}\"},\"query-input\":{\"@type\":\"PropertyValueSpecification\",\"valueRequired\":true,\"valueName\":\"search_term_string\"}}],\"inLanguage\":\"fr-FR\"},{\"@type\":\"Organization\",\"@id\":\"https:\\\/\\\/aestc.org\\\/#organization\",\"name\":\"Association Europ\u00e9enne de Sexoth\u00e9rapie et de Th\u00e9rapie de couple\",\"url\":\"https:\\\/\\\/aestc.org\\\/\",\"logo\":{\"@type\":\"ImageObject\",\"inLanguage\":\"fr-FR\",\"@id\":\"https:\\\/\\\/aestc.org\\\/#\\\/schema\\\/logo\\\/image\\\/\",\"url\":\"https:\\\/\\\/aestc.org\\\/wp-content\\\/uploads\\\/2026\\\/02\\\/logo-2.png\",\"contentUrl\":\"https:\\\/\\\/aestc.org\\\/wp-content\\\/uploads\\\/2026\\\/02\\\/logo-2.png\",\"width\":464,\"height\":148,\"caption\":\"Association Europ\u00e9enne de Sexoth\u00e9rapie et de Th\u00e9rapie de couple\"},\"image\":{\"@id\":\"https:\\\/\\\/aestc.org\\\/#\\\/schema\\\/logo\\\/image\\\/\"}}]}<\/script>\n<!-- \/ Yoast SEO plugin. -->","yoast_head_json":{"title":"Ressources : Spiritualit\u00e9 - Association Europ\u00e9enne de Sexoth\u00e9rapie et de Th\u00e9rapie de couple","robots":{"index":"index","follow":"follow","max-snippet":"max-snippet:-1","max-image-preview":"max-image-preview:large","max-video-preview":"max-video-preview:-1"},"canonical":"https:\/\/aestc.org\/index.php\/ressources-spiritualite-2\/","og_locale":"fr_FR","og_type":"article","og_title":"Ressources : Spiritualit\u00e9 - Association Europ\u00e9enne de Sexoth\u00e9rapie et de Th\u00e9rapie de couple","og_url":"https:\/\/aestc.org\/index.php\/ressources-spiritualite-2\/","og_site_name":"Association Europ\u00e9enne de Sexoth\u00e9rapie et de Th\u00e9rapie de couple","article_modified_time":"2025-11-03T15:21:38+00:00","og_image":[{"url":"https:\/\/aestc.org\/wp-content\/uploads\/elementor\/thumbs\/cropped-buddha-4642497_1920-1-qnu0i1nvqpgsuatblzcinrj3j5nydq8842fownvx6o.jpg","type":"","width":"","height":""}],"twitter_card":"summary_large_image","twitter_misc":{"Dur\u00e9e de lecture estim\u00e9e":"1 minute"},"schema":{"@context":"https:\/\/schema.org","@graph":[{"@type":"WebPage","@id":"https:\/\/aestc.org\/index.php\/ressources-spiritualite-2\/","url":"https:\/\/aestc.org\/index.php\/ressources-spiritualite-2\/","name":"Ressources : Spiritualit\u00e9 - Association Europ\u00e9enne de Sexoth\u00e9rapie et de Th\u00e9rapie de couple","isPartOf":{"@id":"https:\/\/aestc.org\/#website"},"primaryImageOfPage":{"@id":"https:\/\/aestc.org\/index.php\/ressources-spiritualite-2\/#primaryimage"},"image":{"@id":"https:\/\/aestc.org\/index.php\/ressources-spiritualite-2\/#primaryimage"},"thumbnailUrl":"https:\/\/aestc.org\/wp-content\/uploads\/elementor\/thumbs\/cropped-buddha-4642497_1920-1-qnu0i1nvqpgsuatblzcinrj3j5nydq8842fownvx6o.jpg","datePublished":"2024-07-12T11:08:51+00:00","dateModified":"2025-11-03T15:21:38+00:00","breadcrumb":{"@id":"https:\/\/aestc.org\/index.php\/ressources-spiritualite-2\/#breadcrumb"},"inLanguage":"fr-FR","potentialAction":[{"@type":"ReadAction","target":["https:\/\/aestc.org\/index.php\/ressources-spiritualite-2\/"]}]},{"@type":"ImageObject","inLanguage":"fr-FR","@id":"https:\/\/aestc.org\/index.php\/ressources-spiritualite-2\/#primaryimage","url":"https:\/\/aestc.org\/wp-content\/uploads\/elementor\/thumbs\/cropped-buddha-4642497_1920-1-qnu0i1nvqpgsuatblzcinrj3j5nydq8842fownvx6o.jpg","contentUrl":"https:\/\/aestc.org\/wp-content\/uploads\/elementor\/thumbs\/cropped-buddha-4642497_1920-1-qnu0i1nvqpgsuatblzcinrj3j5nydq8842fownvx6o.jpg"},{"@type":"BreadcrumbList","@id":"https:\/\/aestc.org\/index.php\/ressources-spiritualite-2\/#breadcrumb","itemListElement":[{"@type":"ListItem","position":1,"name":"Accueil","item":"https:\/\/aestc.org\/"},{"@type":"ListItem","position":2,"name":"Contenu restreint"}]},{"@type":"WebSite","@id":"https:\/\/aestc.org\/#website","url":"https:\/\/aestc.org\/","name":"Association Europ\u00e9enne de Sexoth\u00e9rapie et de Th\u00e9rapie de couple","description":"Une association de professionnels au b\u00e9n\u00e9fice de leurs clients","publisher":{"@id":"https:\/\/aestc.org\/#organization"},"potentialAction":[{"@type":"SearchAction","target":{"@type":"EntryPoint","urlTemplate":"https:\/\/aestc.org\/?s={search_term_string}"},"query-input":{"@type":"PropertyValueSpecification","valueRequired":true,"valueName":"search_term_string"}}],"inLanguage":"fr-FR"},{"@type":"Organization","@id":"https:\/\/aestc.org\/#organization","name":"Association Europ\u00e9enne de Sexoth\u00e9rapie et de Th\u00e9rapie de couple","url":"https:\/\/aestc.org\/","logo":{"@type":"ImageObject","inLanguage":"fr-FR","@id":"https:\/\/aestc.org\/#\/schema\/logo\/image\/","url":"https:\/\/aestc.org\/wp-content\/uploads\/2026\/02\/logo-2.png","contentUrl":"https:\/\/aestc.org\/wp-content\/uploads\/2026\/02\/logo-2.png","width":464,"height":148,"caption":"Association Europ\u00e9enne de Sexoth\u00e9rapie et de Th\u00e9rapie de couple"},"image":{"@id":"https:\/\/aestc.org\/#\/schema\/logo\/image\/"}}]}},"ticketed":false,"_links":{"self":[{"href":"https:\/\/aestc.org\/index.php\/wp-json\/wp\/v2\/pages\/1094","targetHints":{"allow":["GET"]}}],"collection":[{"href":"https:\/\/aestc.org\/index.php\/wp-json\/wp\/v2\/pages"}],"about":[{"href":"https:\/\/aestc.org\/index.php\/wp-json\/wp\/v2\/types\/page"}],"author":[{"embeddable":true,"href":"https:\/\/aestc.org\/index.php\/wp-json\/wp\/v2\/users\/1"}],"replies":[{"embeddable":true,"href":"https:\/\/aestc.org\/index.php\/wp-json\/wp\/v2\/comments?post=1094"}],"version-history":[{"count":4,"href":"https:\/\/aestc.org\/index.php\/wp-json\/wp\/v2\/pages\/1094\/revisions"}],"predecessor-version":[{"id":1908,"href":"https:\/\/aestc.org\/index.php\/wp-json\/wp\/v2\/pages\/1094\/revisions\/1908"}],"wp:attachment":[{"href":"https:\/\/aestc.org\/index.php\/wp-json\/wp\/v2\/media?parent=1094"}],"curies":[{"name":"wp","href":"https:\/\/api.w.org\/{rel}","templated":true}]}}