{"id":1072,"date":"2024-04-10T13:46:47","date_gmt":"2024-04-10T11:46:47","guid":{"rendered":"https:\/\/aestc.org\/?page_id=1072"},"modified":"2025-10-08T17:29:19","modified_gmt":"2025-10-08T15:29:19","slug":"ressources","status":"publish","type":"page","link":"https:\/\/aestc.org\/index.php\/ressources\/","title":{"rendered":"Ressources"},"content":{"rendered":"\t\t<div data-elementor-type=\"wp-page\" data-elementor-id=\"1072\" class=\"elementor elementor-1072\" data-elementor-post-type=\"page\">\n\t\t\t\t\t\t<section class=\"elementor-section elementor-top-section elementor-element elementor-element-2850d8b elementor-section-boxed elementor-section-height-default elementor-section-height-default\" data-id=\"2850d8b\" data-element_type=\"section\" data-e-type=\"section\">\n\t\t\t\t\t\t<div class=\"elementor-container elementor-column-gap-default\">\n\t\t\t\t\t<div class=\"elementor-column elementor-col-100 elementor-top-column elementor-element elementor-element-b9397a6\" data-id=\"b9397a6\" data-element_type=\"column\" data-e-type=\"column\">\n\t\t\t<div class=\"elementor-widget-wrap elementor-element-populated\">\n\t\t\t\t\t\t<div class=\"elementor-element elementor-element-efc004f elementor-widget elementor-widget-text-editor\" data-id=\"efc004f\" data-element_type=\"widget\" data-e-type=\"widget\" data-widget_type=\"text-editor.default\">\n\t\t\t\t<div class=\"elementor-widget-container\">\n\t\t\t\t\t\t\t\t\t<p style=\"text-align: justify;\">Cette rubrique r\u00e9serv\u00e9e aux membres de l&#8217;Association AESTC, regroupe\u00a0 l&#8217;ensemble des ressources mises \u00e0 votre disposition.<\/p><p style=\"text-align: justify;\">Vous trouverez des outils concrets pour vous aider dans vos pratiques\u00a0 th\u00e9rapeutiques qu&#8217;il s&#8217;agisse d&#8217;un accompagnement en Sexoth\u00e9rapie comme pour l&#8217;accompagnement des couples qui viennent vous consulter en cabinet ou en visioconf\u00e9rence.\u00a0<\/p><p style=\"text-align: justify;\">Ces ressources sont class\u00e9es par th\u00e9matiques :<\/p><ul><li style=\"text-align: justify;\"><a href=\"https:\/\/aestc.org\/index.php\/ressources-sexotherapie\/\">Ressources M\u00e9tier<\/a>: exercices, protocoles, questionnaires<\/li><li style=\"text-align: justify;\"><a href=\"https:\/\/aestc.org\/index.php\/ressources-developpement-de-lactivite-sexotherapie-et-therapie-de-couple\/\">Ressources : Droit, Conformit\u00e9\u00a0&amp; Partenariats<\/a><\/li><li><a href=\"https:\/\/aestc.org\/index.php\/webinaires-association-aestc\/\">Webinaires en replay<\/a><\/li><\/ul>\t\t\t\t\t\t\t\t<\/div>\n\t\t\t\t<\/div>\n\t\t\t\t\t<\/div>\n\t\t<\/div>\n\t\t\t\t\t<\/div>\n\t\t<\/section>\n\t\t\t\t<section class=\"elementor-section elementor-top-section elementor-element elementor-element-43bb487 elementor-section-boxed elementor-section-height-default elementor-section-height-default\" data-id=\"43bb487\" data-element_type=\"section\" data-e-type=\"section\">\n\t\t\t\t\t\t<div class=\"elementor-container elementor-column-gap-default\">\n\t\t\t\t\t<div class=\"elementor-column elementor-col-100 elementor-top-column elementor-element elementor-element-d72ff53\" data-id=\"d72ff53\" data-element_type=\"column\" data-e-type=\"column\">\n\t\t\t<div class=\"elementor-widget-wrap elementor-element-populated\">\n\t\t\t\t\t\t<div class=\"elementor-element elementor-element-a97cd47 elementor-widget elementor-widget-shortcode\" data-id=\"a97cd47\" data-element_type=\"widget\" data-e-type=\"widget\" data-widget_type=\"shortcode.default\">\n\t\t\t\t<div class=\"elementor-widget-container\">\n\t\t\t\t\t\t\t<div class=\"elementor-shortcode\"><a name='name_directory_position1'><\/a><h3 class='name_directory_title'>Lexique sexo<\/h3><div class=\"name_directory_index\"> <a class=\"name_directory_startswith \" href=\"https:\/\/aestc.org\/index.php\/ressources\/?dir=1&name_directory_startswith=A\">A<\/a>  <a class=\"name_directory_startswith \" href=\"https:\/\/aestc.org\/index.php\/ressources\/?dir=1&name_directory_startswith=B\">B<\/a>  <a class=\"name_directory_startswith \" href=\"https:\/\/aestc.org\/index.php\/ressources\/?dir=1&name_directory_startswith=C\">C<\/a>  <a class=\"name_directory_startswith \" href=\"https:\/\/aestc.org\/index.php\/ressources\/?dir=1&name_directory_startswith=D\">D<\/a>  <a class=\"name_directory_startswith \" href=\"https:\/\/aestc.org\/index.php\/ressources\/?dir=1&name_directory_startswith=E\">E<\/a>  <a class=\"name_directory_startswith \" href=\"https:\/\/aestc.org\/index.php\/ressources\/?dir=1&name_directory_startswith=F\">F<\/a>  <a class=\"name_directory_startswith \" href=\"https:\/\/aestc.org\/index.php\/ressources\/?dir=1&name_directory_startswith=G\">G<\/a>  <a class=\"name_directory_startswith \" href=\"https:\/\/aestc.org\/index.php\/ressources\/?dir=1&name_directory_startswith=H\">H<\/a>  <a class=\"name_directory_startswith \" href=\"https:\/\/aestc.org\/index.php\/ressources\/?dir=1&name_directory_startswith=I\">I<\/a>  <a class=\"name_directory_startswith \" href=\"https:\/\/aestc.org\/index.php\/ressources\/?dir=1&name_directory_startswith=J\">J<\/a>  <a class=\"name_directory_startswith \" href=\"https:\/\/aestc.org\/index.php\/ressources\/?dir=1&name_directory_startswith=K\">K<\/a>  <a class=\"name_directory_startswith \" href=\"https:\/\/aestc.org\/index.php\/ressources\/?dir=1&name_directory_startswith=L\">L<\/a>  <a class=\"name_directory_startswith \" href=\"https:\/\/aestc.org\/index.php\/ressources\/?dir=1&name_directory_startswith=M\">M<\/a>  <a class=\"name_directory_startswith \" href=\"https:\/\/aestc.org\/index.php\/ressources\/?dir=1&name_directory_startswith=N\">N<\/a>  <a class=\"name_directory_startswith \" href=\"https:\/\/aestc.org\/index.php\/ressources\/?dir=1&name_directory_startswith=P\">P<\/a>  <a class=\"name_directory_startswith \" href=\"https:\/\/aestc.org\/index.php\/ressources\/?dir=1&name_directory_startswith=R\">R<\/a>  <a class=\"name_directory_startswith \" href=\"https:\/\/aestc.org\/index.php\/ressources\/?dir=1&name_directory_startswith=S\">S<\/a>  <a class=\"name_directory_startswith \" href=\"https:\/\/aestc.org\/index.php\/ressources\/?dir=1&name_directory_startswith=T\">T<\/a> <br \/><form role='search' method='get' action=''><input type='search' autocomplete='off' aria-description='Directory names below will match your searchcriteria after submit' name='name-directory-search-value' id='name-directory-search-input-box' placeholder='Rechercher\u2026' \/><input type='hidden' name='dir' value='1' \/><input type='submit' id='name-directory-search-input-button' value='Rechercher' \/><\/form><\/div><div class=\"name_directory_total\">Il y a actuellement 79 noms dans ce r\u00e9pertoire.<\/div><div class=\"name_directory_names\"><p class=\"name_directory_entry_message\">Veuillez s\u00e9lectionner une lettre de l\u2019index (ci-dessus) pour voir les entr\u00e9es.<\/p><\/div><style>\r\n        .name_directory_readmore_state ~ .name_directory_readmore_trigger:before {\r\n            content: '... Afficher plus';\r\n        }\r\n       \r\n        .name_directory_readmore_state:checked ~ .name_directory_readmore_trigger:before {\r\n            content: 'Afficher moins';\r\n        }\r\n        <\/style><\/div>\n\t\t\t\t\t\t<\/div>\n\t\t\t\t<\/div>\n\t\t\t\t\t<\/div>\n\t\t<\/div>\n\t\t\t\t\t<\/div>\n\t\t<\/section>\n\t\t\t\t<\/div>\n\t\t","protected":false},"excerpt":{"rendered":"<p>Cette rubrique r\u00e9serv\u00e9e aux membres de l&#8217;Association AESTC, regroupe\u00a0 l&#8217;ensemble des ressources mises \u00e0 votre disposition. Vous trouverez des outils concrets pour vous aider dans &hellip;<\/p>\n","protected":false},"author":1,"featured_media":1091,"parent":0,"menu_order":0,"comment_status":"open","ping_status":"closed","template":"","meta":{"_cbd_carousel_blocks":"[]","_price":"","_stock":"","_tribe_ticket_header":"","_tribe_default_ticket_provider":"","_tribe_ticket_capacity":"0","_ticket_start_date":"","_ticket_end_date":"","_tribe_ticket_show_description":"","_tribe_ticket_show_not_going":false,"_tribe_ticket_use_global_stock":"","_tribe_ticket_global_stock_level":"","_global_stock_mode":"","_global_stock_cap":"","_tribe_rsvp_for_event":"","_tribe_ticket_going_count":"","_tribe_ticket_not_going_count":"","_tribe_tickets_list":"[]","_tribe_ticket_has_attendee_info_fields":false,"footnotes":"","_tec_slr_enabled":"","_tec_slr_layout":""},"class_list":["post-1072","page","type-page","status-publish","has-post-thumbnail","hentry"],"yoast_head":"<!-- This site is optimized with the Yoast SEO plugin v27.5 - https:\/\/yoast.com\/product\/yoast-seo-wordpress\/ -->\n<title>Ressources - Association Europ\u00e9enne de Sexoth\u00e9rapie et de Th\u00e9rapie de couple<\/title>\n<meta name=\"robots\" content=\"index, follow, max-snippet:-1, max-image-preview:large, max-video-preview:-1\" \/>\n<link rel=\"canonical\" href=\"https:\/\/aestc.org\/index.php\/ressources\/\" \/>\n<meta property=\"og:locale\" content=\"fr_FR\" \/>\n<meta property=\"og:type\" content=\"article\" \/>\n<meta property=\"og:title\" content=\"Ressources - Association Europ\u00e9enne de Sexoth\u00e9rapie et de Th\u00e9rapie de couple\" \/>\n<meta property=\"og:description\" content=\"Cette rubrique r\u00e9serv\u00e9e aux membres de l&#8217;Association AESTC, regroupe\u00a0 l&#8217;ensemble des ressources mises \u00e0 votre disposition. Vous trouverez des outils concrets pour vous aider dans &hellip;\" \/>\n<meta property=\"og:url\" content=\"https:\/\/aestc.org\/index.php\/ressources\/\" \/>\n<meta property=\"og:site_name\" content=\"Association Europ\u00e9enne de Sexoth\u00e9rapie et de Th\u00e9rapie de couple\" \/>\n<meta property=\"article:modified_time\" content=\"2025-10-08T15:29:19+00:00\" \/>\n<meta property=\"og:image\" content=\"https:\/\/aestc.org\/wp-content\/uploads\/2024\/04\/Design-sans-titre-2-1-1024x721.png\" \/>\n\t<meta property=\"og:image:width\" content=\"1024\" \/>\n\t<meta property=\"og:image:height\" content=\"721\" \/>\n\t<meta property=\"og:image:type\" content=\"image\/png\" \/>\n<meta name=\"twitter:card\" content=\"summary_large_image\" \/>\n<meta name=\"twitter:label1\" content=\"Dur\u00e9e de lecture estim\u00e9e\" \/>\n\t<meta name=\"twitter:data1\" content=\"1 minute\" \/>\n<script type=\"application\/ld+json\" class=\"yoast-schema-graph\">{\"@context\":\"https:\\\/\\\/schema.org\",\"@graph\":[{\"@type\":\"WebPage\",\"@id\":\"https:\\\/\\\/aestc.org\\\/index.php\\\/ressources\\\/\",\"url\":\"https:\\\/\\\/aestc.org\\\/index.php\\\/ressources\\\/\",\"name\":\"Ressources - Association Europ\u00e9enne de Sexoth\u00e9rapie et de Th\u00e9rapie de couple\",\"isPartOf\":{\"@id\":\"https:\\\/\\\/aestc.org\\\/#website\"},\"primaryImageOfPage\":{\"@id\":\"https:\\\/\\\/aestc.org\\\/index.php\\\/ressources\\\/#primaryimage\"},\"image\":{\"@id\":\"https:\\\/\\\/aestc.org\\\/index.php\\\/ressources\\\/#primaryimage\"},\"thumbnailUrl\":\"https:\\\/\\\/aestc.org\\\/wp-content\\\/uploads\\\/2024\\\/04\\\/Design-sans-titre-2-1.png\",\"datePublished\":\"2024-04-10T11:46:47+00:00\",\"dateModified\":\"2025-10-08T15:29:19+00:00\",\"breadcrumb\":{\"@id\":\"https:\\\/\\\/aestc.org\\\/index.php\\\/ressources\\\/#breadcrumb\"},\"inLanguage\":\"fr-FR\",\"potentialAction\":[{\"@type\":\"ReadAction\",\"target\":[\"https:\\\/\\\/aestc.org\\\/index.php\\\/ressources\\\/\"]}]},{\"@type\":\"ImageObject\",\"inLanguage\":\"fr-FR\",\"@id\":\"https:\\\/\\\/aestc.org\\\/index.php\\\/ressources\\\/#primaryimage\",\"url\":\"https:\\\/\\\/aestc.org\\\/wp-content\\\/uploads\\\/2024\\\/04\\\/Design-sans-titre-2-1.png\",\"contentUrl\":\"https:\\\/\\\/aestc.org\\\/wp-content\\\/uploads\\\/2024\\\/04\\\/Design-sans-titre-2-1.png\",\"width\":2000,\"height\":1409,\"caption\":\"Association AESTC\"},{\"@type\":\"BreadcrumbList\",\"@id\":\"https:\\\/\\\/aestc.org\\\/index.php\\\/ressources\\\/#breadcrumb\",\"itemListElement\":[{\"@type\":\"ListItem\",\"position\":1,\"name\":\"Accueil\",\"item\":\"https:\\\/\\\/aestc.org\\\/\"},{\"@type\":\"ListItem\",\"position\":2,\"name\":\"Ressources\"}]},{\"@type\":\"WebSite\",\"@id\":\"https:\\\/\\\/aestc.org\\\/#website\",\"url\":\"https:\\\/\\\/aestc.org\\\/\",\"name\":\"Association Europ\u00e9enne de Sexoth\u00e9rapie et de Th\u00e9rapie de couple\",\"description\":\"Une association de professionnels au b\u00e9n\u00e9fice de leurs clients\",\"publisher\":{\"@id\":\"https:\\\/\\\/aestc.org\\\/#organization\"},\"potentialAction\":[{\"@type\":\"SearchAction\",\"target\":{\"@type\":\"EntryPoint\",\"urlTemplate\":\"https:\\\/\\\/aestc.org\\\/?s={search_term_string}\"},\"query-input\":{\"@type\":\"PropertyValueSpecification\",\"valueRequired\":true,\"valueName\":\"search_term_string\"}}],\"inLanguage\":\"fr-FR\"},{\"@type\":\"Organization\",\"@id\":\"https:\\\/\\\/aestc.org\\\/#organization\",\"name\":\"Association Europ\u00e9enne de Sexoth\u00e9rapie et de Th\u00e9rapie de couple\",\"url\":\"https:\\\/\\\/aestc.org\\\/\",\"logo\":{\"@type\":\"ImageObject\",\"inLanguage\":\"fr-FR\",\"@id\":\"https:\\\/\\\/aestc.org\\\/#\\\/schema\\\/logo\\\/image\\\/\",\"url\":\"https:\\\/\\\/aestc.org\\\/wp-content\\\/uploads\\\/2026\\\/02\\\/logo-2.png\",\"contentUrl\":\"https:\\\/\\\/aestc.org\\\/wp-content\\\/uploads\\\/2026\\\/02\\\/logo-2.png\",\"width\":464,\"height\":148,\"caption\":\"Association Europ\u00e9enne de Sexoth\u00e9rapie et de Th\u00e9rapie de couple\"},\"image\":{\"@id\":\"https:\\\/\\\/aestc.org\\\/#\\\/schema\\\/logo\\\/image\\\/\"}}]}<\/script>\n<!-- \/ Yoast SEO plugin. -->","yoast_head_json":{"title":"Ressources - Association Europ\u00e9enne de Sexoth\u00e9rapie et de Th\u00e9rapie de couple","robots":{"index":"index","follow":"follow","max-snippet":"max-snippet:-1","max-image-preview":"max-image-preview:large","max-video-preview":"max-video-preview:-1"},"canonical":"https:\/\/aestc.org\/index.php\/ressources\/","og_locale":"fr_FR","og_type":"article","og_title":"Ressources - Association Europ\u00e9enne de Sexoth\u00e9rapie et de Th\u00e9rapie de couple","og_description":"Cette rubrique r\u00e9serv\u00e9e aux membres de l&#8217;Association AESTC, regroupe\u00a0 l&#8217;ensemble des ressources mises \u00e0 votre disposition. Vous trouverez des outils concrets pour vous aider dans &hellip;","og_url":"https:\/\/aestc.org\/index.php\/ressources\/","og_site_name":"Association Europ\u00e9enne de Sexoth\u00e9rapie et de Th\u00e9rapie de couple","article_modified_time":"2025-10-08T15:29:19+00:00","og_image":[{"width":1024,"height":721,"url":"https:\/\/aestc.org\/wp-content\/uploads\/2024\/04\/Design-sans-titre-2-1-1024x721.png","type":"image\/png"}],"twitter_card":"summary_large_image","twitter_misc":{"Dur\u00e9e de lecture estim\u00e9e":"1 minute"},"schema":{"@context":"https:\/\/schema.org","@graph":[{"@type":"WebPage","@id":"https:\/\/aestc.org\/index.php\/ressources\/","url":"https:\/\/aestc.org\/index.php\/ressources\/","name":"Ressources - Association Europ\u00e9enne de Sexoth\u00e9rapie et de Th\u00e9rapie de couple","isPartOf":{"@id":"https:\/\/aestc.org\/#website"},"primaryImageOfPage":{"@id":"https:\/\/aestc.org\/index.php\/ressources\/#primaryimage"},"image":{"@id":"https:\/\/aestc.org\/index.php\/ressources\/#primaryimage"},"thumbnailUrl":"https:\/\/aestc.org\/wp-content\/uploads\/2024\/04\/Design-sans-titre-2-1.png","datePublished":"2024-04-10T11:46:47+00:00","dateModified":"2025-10-08T15:29:19+00:00","breadcrumb":{"@id":"https:\/\/aestc.org\/index.php\/ressources\/#breadcrumb"},"inLanguage":"fr-FR","potentialAction":[{"@type":"ReadAction","target":["https:\/\/aestc.org\/index.php\/ressources\/"]}]},{"@type":"ImageObject","inLanguage":"fr-FR","@id":"https:\/\/aestc.org\/index.php\/ressources\/#primaryimage","url":"https:\/\/aestc.org\/wp-content\/uploads\/2024\/04\/Design-sans-titre-2-1.png","contentUrl":"https:\/\/aestc.org\/wp-content\/uploads\/2024\/04\/Design-sans-titre-2-1.png","width":2000,"height":1409,"caption":"Association AESTC"},{"@type":"BreadcrumbList","@id":"https:\/\/aestc.org\/index.php\/ressources\/#breadcrumb","itemListElement":[{"@type":"ListItem","position":1,"name":"Accueil","item":"https:\/\/aestc.org\/"},{"@type":"ListItem","position":2,"name":"Ressources"}]},{"@type":"WebSite","@id":"https:\/\/aestc.org\/#website","url":"https:\/\/aestc.org\/","name":"Association Europ\u00e9enne de Sexoth\u00e9rapie et de Th\u00e9rapie de couple","description":"Une association de professionnels au b\u00e9n\u00e9fice de leurs clients","publisher":{"@id":"https:\/\/aestc.org\/#organization"},"potentialAction":[{"@type":"SearchAction","target":{"@type":"EntryPoint","urlTemplate":"https:\/\/aestc.org\/?s={search_term_string}"},"query-input":{"@type":"PropertyValueSpecification","valueRequired":true,"valueName":"search_term_string"}}],"inLanguage":"fr-FR"},{"@type":"Organization","@id":"https:\/\/aestc.org\/#organization","name":"Association Europ\u00e9enne de Sexoth\u00e9rapie et de Th\u00e9rapie de couple","url":"https:\/\/aestc.org\/","logo":{"@type":"ImageObject","inLanguage":"fr-FR","@id":"https:\/\/aestc.org\/#\/schema\/logo\/image\/","url":"https:\/\/aestc.org\/wp-content\/uploads\/2026\/02\/logo-2.png","contentUrl":"https:\/\/aestc.org\/wp-content\/uploads\/2026\/02\/logo-2.png","width":464,"height":148,"caption":"Association Europ\u00e9enne de Sexoth\u00e9rapie et de Th\u00e9rapie de couple"},"image":{"@id":"https:\/\/aestc.org\/#\/schema\/logo\/image\/"}}]}},"ticketed":false,"_links":{"self":[{"href":"https:\/\/aestc.org\/index.php\/wp-json\/wp\/v2\/pages\/1072","targetHints":{"allow":["GET"]}}],"collection":[{"href":"https:\/\/aestc.org\/index.php\/wp-json\/wp\/v2\/pages"}],"about":[{"href":"https:\/\/aestc.org\/index.php\/wp-json\/wp\/v2\/types\/page"}],"author":[{"embeddable":true,"href":"https:\/\/aestc.org\/index.php\/wp-json\/wp\/v2\/users\/1"}],"replies":[{"embeddable":true,"href":"https:\/\/aestc.org\/index.php\/wp-json\/wp\/v2\/comments?post=1072"}],"version-history":[{"count":43,"href":"https:\/\/aestc.org\/index.php\/wp-json\/wp\/v2\/pages\/1072\/revisions"}],"predecessor-version":[{"id":1814,"href":"https:\/\/aestc.org\/index.php\/wp-json\/wp\/v2\/pages\/1072\/revisions\/1814"}],"wp:featuredmedia":[{"embeddable":true,"href":"https:\/\/aestc.org\/index.php\/wp-json\/wp\/v2\/media\/1091"}],"wp:attachment":[{"href":"https:\/\/aestc.org\/index.php\/wp-json\/wp\/v2\/media?parent=1072"}],"curies":[{"name":"wp","href":"https:\/\/api.w.org\/{rel}","templated":true}]}}